{"id":120,"date":"2026-03-04T18:57:02","date_gmt":"2026-03-04T18:57:02","guid":{"rendered":"https:\/\/aagaardengineering.com\/?page_id=120"},"modified":"2026-03-06T15:37:19","modified_gmt":"2026-03-06T15:37:19","slug":"kontakt","status":"publish","type":"page","link":"https:\/\/aagaardengineering.com\/index.php\/kontakt\/","title":{"rendered":"Kontakt"},"content":{"rendered":"\n<p>Vi bliver glade for enhver henvendelse, hvad enten det er en foresp\u00f8rgsel, opklarende sp\u00f8rgsm\u00e5l eller ang\u00e5ende et uforpligtende m\u00f8de.&nbsp;<\/p>\n\n\n\n<p>Udfyld formularen nederst p\u00e5 siden eller kontakt os direkte. Vi bestr\u00e6ber os p\u00e5 at besvarer din henvendelse hurtigst muligt.<\/p>\n\n\n\n<div class=\"wp-block-group has-global-padding is-layout-constrained wp-container-core-group-is-layout-1629ea14 wp-block-group-is-layout-constrained\">\n<hr class=\"wp-block-separator has-alpha-channel-opacity is-style-wide\"\/>\n\n\n\n<p class=\"has-primary-color has-text-color has-link-color has-superbfont-large-font-size wp-elements-36a810b926635c82e59d28f1d0a7a031\"><strong>Jonas Aagaard<\/strong>, <em>El-ingeni\u00f8r<\/em><\/p>\n\n\n\n<div class=\"wp-block-columns is-layout-flex wp-container-core-columns-is-layout-28f84493 wp-block-columns-is-layout-flex\">\n<div class=\"wp-block-column is-layout-flow wp-block-column-is-layout-flow\">\n<figure class=\"wp-block-image size-large is-style-rounded wp-duotone-grayscale\"><img loading=\"lazy\" decoding=\"async\" width=\"768\" height=\"1024\" src=\"https:\/\/aagaardengineering.com\/wp-content\/uploads\/2026\/03\/IMG_4490-1-768x1024.jpeg\" alt=\"\" class=\"wp-image-130\" style=\"aspect-ratio:2\/3;object-fit:cover\" srcset=\"https:\/\/aagaardengineering.com\/wp-content\/uploads\/2026\/03\/IMG_4490-1-768x1024.jpeg 768w, https:\/\/aagaardengineering.com\/wp-content\/uploads\/2026\/03\/IMG_4490-1-225x300.jpeg 225w, https:\/\/aagaardengineering.com\/wp-content\/uploads\/2026\/03\/IMG_4490-1-1152x1536.jpeg 1152w, https:\/\/aagaardengineering.com\/wp-content\/uploads\/2026\/03\/IMG_4490-1-1536x2048.jpeg 1536w, https:\/\/aagaardengineering.com\/wp-content\/uploads\/2026\/03\/IMG_4490-1-scaled.jpeg 1920w\" sizes=\"auto, (max-width: 768px) 100vw, 768px\" \/><\/figure>\n<\/div>\n\n\n\n<div class=\"wp-block-column is-vertically-aligned-center is-layout-flow wp-block-column-is-layout-flow\">\n<p class=\"has-text-align-center has-contrast-light-color has-text-color has-background has-link-color wp-elements-3ffe1ee2aadf5beb33cca293aaddf641\" style=\"border-top-left-radius:96px;border-top-right-radius:96px;border-bottom-left-radius:96px;border-bottom-right-radius:96px;background-color:#284940\">jaa@aagaardengineering.com<\/p>\n\n\n\n<p class=\"has-text-align-center has-contrast-light-color has-text-color has-background has-link-color wp-elements-bed36cbbb79b90234c43cce7fa3fee92\" style=\"border-top-left-radius:100px;border-top-right-radius:100px;border-bottom-left-radius:100px;border-bottom-right-radius:100px;background-color:#284940\">+45 20 82 84 08<\/p>\n\n\n\n<p class=\"has-text-align-center has-contrast-light-color has-text-color has-background has-link-color wp-elements-61a7be9aad263811315ed974066df92f\" style=\"border-top-left-radius:98px;border-top-right-radius:98px;border-bottom-left-radius:98px;border-bottom-right-radius:98px;background-color:#284940\">+34 613 236 035<\/p>\n<\/div>\n<\/div>\n<\/div>\n\n\n\n<hr class=\"wp-block-separator has-alpha-channel-opacity is-style-wide\"\/>\n\n\n\n<p class=\"has-primary-color has-text-color has-link-color has-superbfont-large-font-size wp-elements-92ccd879df5ee91fb6e71247221d95f7\"><strong>Ayla Aagaard<\/strong>, <em>Designingeni\u00f8r<\/em><\/p>\n\n\n\n<div class=\"wp-block-columns is-layout-flex wp-container-core-columns-is-layout-28f84493 wp-block-columns-is-layout-flex\">\n<div class=\"wp-block-column is-layout-flow wp-block-column-is-layout-flow\">\n<figure class=\"wp-block-image size-large is-style-rounded wp-duotone-grayscale\"><img loading=\"lazy\" decoding=\"async\" width=\"986\" height=\"1024\" src=\"https:\/\/aagaardengineering.com\/wp-content\/uploads\/2026\/03\/IMG_3059-1-986x1024.jpg\" alt=\"\" class=\"wp-image-136\" style=\"aspect-ratio:2\/3;object-fit:cover\" srcset=\"https:\/\/aagaardengineering.com\/wp-content\/uploads\/2026\/03\/IMG_3059-1-986x1024.jpg 986w, https:\/\/aagaardengineering.com\/wp-content\/uploads\/2026\/03\/IMG_3059-1-289x300.jpg 289w, https:\/\/aagaardengineering.com\/wp-content\/uploads\/2026\/03\/IMG_3059-1-768x797.jpg 768w, https:\/\/aagaardengineering.com\/wp-content\/uploads\/2026\/03\/IMG_3059-1-1480x1536.jpg 1480w, https:\/\/aagaardengineering.com\/wp-content\/uploads\/2026\/03\/IMG_3059-1-1973x2048.jpg 1973w\" sizes=\"auto, (max-width: 986px) 100vw, 986px\" \/><\/figure>\n<\/div>\n\n\n\n<div class=\"wp-block-column is-vertically-aligned-center is-layout-flow wp-block-column-is-layout-flow\">\n<p class=\"has-text-align-center has-contrast-light-color has-text-color has-background has-link-color wp-elements-4af1cd00e53a1080e7eaccf32c87c8c8\" style=\"border-top-left-radius:100px;border-top-right-radius:100px;border-bottom-left-radius:100px;border-bottom-right-radius:100px;background-color:#284940\">aaa@aagaardengineering.com<\/p>\n\n\n\n<p class=\"has-text-align-center has-contrast-light-color has-text-color has-background has-link-color wp-elements-7121591f997f32914ee82ed017477f56\" style=\"border-top-left-radius:98px;border-top-right-radius:98px;border-bottom-left-radius:98px;border-bottom-right-radius:98px;background-color:#284940\">+34 633 413 193<\/p>\n<\/div>\n<\/div>\n\n\n\n<hr class=\"wp-block-separator has-alpha-channel-opacity is-style-wide\"\/>\n\n\n\n<h3 class=\"wp-block-heading has-primary-color has-text-color has-link-color wp-elements-f6f1de0cb4aecc172897bccf5a3a79f5\">Kontaktformular<\/h3>\n\n\n\n<div class=\"wp-block-contact-form-7-contact-form-selector\">\n<div class=\"wpcf7 no-js\" id=\"wpcf7-f119-o1\" lang=\"da-DK\" dir=\"ltr\" data-wpcf7-id=\"119\">\n<div class=\"screen-reader-response\"><p role=\"status\" aria-live=\"polite\" aria-atomic=\"true\"><\/p> <ul><\/ul><\/div>\n<form action=\"\/index.php\/wp-json\/wp\/v2\/pages\/120#wpcf7-f119-o1\" method=\"post\" class=\"wpcf7-form init\" aria-label=\"Kontaktformular\" novalidate=\"novalidate\" data-status=\"init\">\n<fieldset class=\"hidden-fields-container\"><input type=\"hidden\" name=\"_wpcf7\" value=\"119\" \/><input type=\"hidden\" name=\"_wpcf7_version\" value=\"6.1.5\" \/><input type=\"hidden\" name=\"_wpcf7_locale\" value=\"da_DK\" \/><input type=\"hidden\" name=\"_wpcf7_unit_tag\" value=\"wpcf7-f119-o1\" \/><input type=\"hidden\" name=\"_wpcf7_container_post\" value=\"0\" \/><input type=\"hidden\" name=\"_wpcf7_posted_data_hash\" value=\"\" \/>\n<\/fieldset>\n<p><label> Dit navn<br \/>\n<span class=\"wpcf7-form-control-wrap\" data-name=\"your-name\"><input size=\"40\" maxlength=\"400\" class=\"wpcf7-form-control wpcf7-text wpcf7-validates-as-required\" autocomplete=\"name\" aria-required=\"true\" aria-invalid=\"false\" value=\"\" type=\"text\" name=\"your-name\" \/><\/span> <\/label>\n<\/p>\n<p><label> Din e-mail<br \/>\n<span class=\"wpcf7-form-control-wrap\" data-name=\"your-email\"><input size=\"40\" maxlength=\"400\" class=\"wpcf7-form-control wpcf7-email wpcf7-validates-as-required wpcf7-text wpcf7-validates-as-email\" autocomplete=\"email\" aria-required=\"true\" aria-invalid=\"false\" value=\"\" type=\"email\" name=\"your-email\" \/><\/span> <\/label>\n<\/p>\n<p><label> Emne<br \/>\n<span class=\"wpcf7-form-control-wrap\" data-name=\"your-subject\"><input size=\"40\" maxlength=\"400\" class=\"wpcf7-form-control wpcf7-text wpcf7-validates-as-required\" aria-required=\"true\" aria-invalid=\"false\" value=\"\" type=\"text\" name=\"your-subject\" \/><\/span> <\/label>\n<\/p>\n<p><label> Din besked (valgfri)<br \/>\n<span class=\"wpcf7-form-control-wrap\" data-name=\"your-message\"><textarea cols=\"40\" rows=\"10\" maxlength=\"2000\" class=\"wpcf7-form-control wpcf7-textarea\" aria-invalid=\"false\" name=\"your-message\"><\/textarea><\/span> <\/label>\n<\/p>\n<p><input class=\"wpcf7-form-control wpcf7-submit has-spinner\" type=\"submit\" value=\"Send\" \/>\n<\/p><div class=\"wpcf7-response-output\" aria-hidden=\"true\"><\/div>\n<\/form>\n<\/div>\n<\/div>\n\n\n\n<p><\/p>\n","protected":false},"excerpt":{"rendered":"<p>Vi bliver glade for enhver henvendelse, hvad enten det er en foresp\u00f8rgsel, opklarende sp\u00f8rgsm\u00e5l eller ang\u00e5ende et uforpligtende m\u00f8de.&nbsp; Udfyld formularen nederst p\u00e5 siden eller kontakt os direkte. Vi bestr\u00e6ber os p\u00e5 at besvarer din henvendelse hurtigst muligt. Jonas Aagaard, El-ingeni\u00f8r jaa@aagaardengineering.com +45 20 82 84 08 +34 613 236 035 Ayla Aagaard, Designingeni\u00f8r aaa@aagaardengineering.com [&hellip;]<\/p>\n","protected":false},"author":1,"featured_media":0,"parent":0,"menu_order":0,"comment_status":"closed","ping_status":"closed","template":"","meta":{"footnotes":""},"class_list":["post-120","page","type-page","status-publish","hentry"],"_links":{"self":[{"href":"https:\/\/aagaardengineering.com\/index.php\/wp-json\/wp\/v2\/pages\/120","targetHints":{"allow":["GET"]}}],"collection":[{"href":"https:\/\/aagaardengineering.com\/index.php\/wp-json\/wp\/v2\/pages"}],"about":[{"href":"https:\/\/aagaardengineering.com\/index.php\/wp-json\/wp\/v2\/types\/page"}],"author":[{"embeddable":true,"href":"https:\/\/aagaardengineering.com\/index.php\/wp-json\/wp\/v2\/users\/1"}],"replies":[{"embeddable":true,"href":"https:\/\/aagaardengineering.com\/index.php\/wp-json\/wp\/v2\/comments?post=120"}],"version-history":[{"count":56,"href":"https:\/\/aagaardengineering.com\/index.php\/wp-json\/wp\/v2\/pages\/120\/revisions"}],"predecessor-version":[{"id":254,"href":"https:\/\/aagaardengineering.com\/index.php\/wp-json\/wp\/v2\/pages\/120\/revisions\/254"}],"wp:attachment":[{"href":"https:\/\/aagaardengineering.com\/index.php\/wp-json\/wp\/v2\/media?parent=120"}],"curies":[{"name":"wp","href":"https:\/\/api.w.org\/{rel}","templated":true}]}}