{"id":165,"date":"2026-03-05T13:16:28","date_gmt":"2026-03-05T13:16:28","guid":{"rendered":"https:\/\/aagaardengineering.com\/?page_id=165"},"modified":"2026-03-12T13:55:31","modified_gmt":"2026-03-12T13:55:31","slug":"om-os","status":"publish","type":"page","link":"https:\/\/aagaardengineering.com\/index.php\/om-os\/","title":{"rendered":"Om Aagaard Engineering"},"content":{"rendered":"\n<div class=\"wp-block-cover is-light has-custom-content-position is-position-top-left\" style=\"min-height:387px;aspect-ratio:unset;\"><img loading=\"lazy\" decoding=\"async\" width=\"1920\" height=\"2560\" class=\"wp-block-cover__image-background wp-image-166 size-full\" alt=\"\" src=\"https:\/\/aagaardengineering.com\/wp-content\/uploads\/2026\/03\/work-station.jpg\" style=\"object-position:60% 28%\" data-object-fit=\"cover\" data-object-position=\"60% 28%\" srcset=\"https:\/\/aagaardengineering.com\/wp-content\/uploads\/2026\/03\/work-station.jpg 1920w, https:\/\/aagaardengineering.com\/wp-content\/uploads\/2026\/03\/work-station-225x300.jpg 225w, https:\/\/aagaardengineering.com\/wp-content\/uploads\/2026\/03\/work-station-768x1024.jpg 768w, https:\/\/aagaardengineering.com\/wp-content\/uploads\/2026\/03\/work-station-1152x1536.jpg 1152w, https:\/\/aagaardengineering.com\/wp-content\/uploads\/2026\/03\/work-station-1536x2048.jpg 1536w\" sizes=\"auto, (max-width: 1920px) 100vw, 1920px\" \/><span aria-hidden=\"true\" class=\"wp-block-cover__background has-background-dim\" style=\"background-color:#a4a5a2\"><\/span><div class=\"wp-block-cover__inner-container is-layout-flow wp-block-cover-is-layout-flow\">\n<p class=\"has-text-align-center has-large-font-size\"><\/p>\n<\/div><\/div>\n\n\n\n<p style=\"margin-top:var(--wp--preset--spacing--superbspacing-small);margin-bottom:var(--wp--preset--spacing--superbspacing-medium)\">Aagaard Engineering er et mindre konsulenthus, der i \u00f8jeblikket t\u00e6ller to ingeni\u00f8rer; <br>en designingeni\u00f8r og en el-ingeni\u00f8r. <br><br>I 2025 valgte vi at rykke teltp\u00e6lene op og flytte til solrige Spanien. Dette giver os bl.a. mulighed for at tilbyde konkurrencedygtige priser uden at g\u00e5 p\u00e5 kompromis med dansk v\u00e6rdis\u00e6t og kvalitet. Herfra h\u00e5ndterer vi st\u00f8rstedelen af vores opgaver. Vi arbejder dog ogs\u00e5 on-site, n\u00e5r det er n\u00f8dvendigt.<br><br>Grundet vores forskellige baggrunde sp\u00e6nder vores kompetencer bredt, og de opgaver, vi kan l\u00f8se, er derfor mangeartede. Trods vi er en nyetableret virksomhed kommer vi med tung faglig erfaring samt et bredt netv\u00e6rk i branchen, som vi kan tr\u00e6kke p\u00e5. Vores kompetencer r\u00e6kker derfor l\u00e6ngere ud, end vi her kan beskrive. S\u00e5 har du en problemstilling, der ligger lidt udenfor vores fagomr\u00e5de, s\u00e5 lad os tage en uforpligtende snak \u2013 m\u00e5ske kan vi alligevel hj\u00e6lpe dig.<br><\/p>\n\n\n\n<div class=\"wp-block-buttons is-layout-flex wp-block-buttons-is-layout-flex\">\n<div class=\"wp-block-button has-custom-width wp-block-button__width-50 is-style-fill\"><a class=\"wp-block-button__link has-background wp-element-button\" href=\"https:\/\/aagaardengineering.com\/index.php\/kontakt\/\" style=\"background-color:#284940\">Kontakt Aagaard Engineering<\/a><\/div>\n<\/div>\n\n\n\n<p><\/p>\n","protected":false},"excerpt":{"rendered":"<p>Aagaard Engineering er et mindre konsulenthus, der i \u00f8jeblikket t\u00e6ller to ingeni\u00f8rer; en designingeni\u00f8r og en el-ingeni\u00f8r. I 2025 valgte vi at rykke teltp\u00e6lene op og flytte til solrige Spanien. Dette giver os bl.a. mulighed for at tilbyde konkurrencedygtige priser uden at g\u00e5 p\u00e5 kompromis med dansk v\u00e6rdis\u00e6t og kvalitet. Herfra h\u00e5ndterer vi st\u00f8rstedelen af [&hellip;]<\/p>\n","protected":false},"author":1,"featured_media":0,"parent":0,"menu_order":0,"comment_status":"closed","ping_status":"closed","template":"","meta":{"footnotes":""},"class_list":["post-165","page","type-page","status-publish","hentry"],"_links":{"self":[{"href":"https:\/\/aagaardengineering.com\/index.php\/wp-json\/wp\/v2\/pages\/165","targetHints":{"allow":["GET"]}}],"collection":[{"href":"https:\/\/aagaardengineering.com\/index.php\/wp-json\/wp\/v2\/pages"}],"about":[{"href":"https:\/\/aagaardengineering.com\/index.php\/wp-json\/wp\/v2\/types\/page"}],"author":[{"embeddable":true,"href":"https:\/\/aagaardengineering.com\/index.php\/wp-json\/wp\/v2\/users\/1"}],"replies":[{"embeddable":true,"href":"https:\/\/aagaardengineering.com\/index.php\/wp-json\/wp\/v2\/comments?post=165"}],"version-history":[{"count":21,"href":"https:\/\/aagaardengineering.com\/index.php\/wp-json\/wp\/v2\/pages\/165\/revisions"}],"predecessor-version":[{"id":371,"href":"https:\/\/aagaardengineering.com\/index.php\/wp-json\/wp\/v2\/pages\/165\/revisions\/371"}],"wp:attachment":[{"href":"https:\/\/aagaardengineering.com\/index.php\/wp-json\/wp\/v2\/media?parent=165"}],"curies":[{"name":"wp","href":"https:\/\/api.w.org\/{rel}","templated":true}]}}