{"id":309,"date":"2026-03-07T14:05:19","date_gmt":"2026-03-07T14:05:19","guid":{"rendered":"https:\/\/aagaardengineering.com\/index.php\/saadan-arbejder-vi\/"},"modified":"2026-03-08T14:22:29","modified_gmt":"2026-03-08T14:22:29","slug":"saadan-arbejder-vi","status":"publish","type":"page","link":"https:\/\/aagaardengineering.com\/index.php\/saadan-arbejder-vi\/","title":{"rendered":"S\u00e5dan arbejder vi"},"content":{"rendered":"\n<div class=\"wp-block-columns is-layout-flex wp-container-core-columns-is-layout-28f84493 wp-block-columns-is-layout-flex\">\n<div class=\"wp-block-column is-layout-flow wp-block-column-is-layout-flow\" style=\"flex-basis:100%\">\n<p>Hos Aagaard Engineering har vi fokus p\u00e5 at skabe tryghed og gennemsigtighed gennem hele processen. Vi v\u00e6gter fortrolighed og sikkerhed meget h\u00f8jt og er kompromisl\u00f8se, n\u00e5r det g\u00e6lder struktur, definerede processer og kvalitet. Derfor har vi hele tiden for \u00f8je at skabe forbedringer og holde virksomheden konkurrencedygtig. Foruden et grundigt opstartsm\u00f8de, hvor alle forventninger bliver afstemt, afholder vi l\u00f8bende statusm\u00f8der for at sikre, at vi har snuden i sporet. Et samarbejde med Aagaard Engineering kunne se s\u00e5ledes ud:<\/p>\n<\/div>\n<\/div>\n\n\n\n<div class=\"wp-block-group is-layout-grid wp-container-core-group-is-layout-a9535673 wp-block-group-is-layout-grid\">\n<div class=\"wp-block-buttons is-layout-flex wp-block-buttons-is-layout-flex\"><\/div>\n<\/div>\n\n\n\n<div class=\"wp-block-group has-global-padding is-layout-constrained wp-block-group-is-layout-constrained\">\n<div class=\"wp-block-group alignfull has-global-padding is-layout-constrained wp-block-group-is-layout-constrained\">\n<div class=\"wp-block-group is-vertical is-layout-flex wp-container-core-group-is-layout-fe9cc265 wp-block-group-is-layout-flex\">\n<div class=\"wp-block-buttons is-layout-flex wp-block-buttons-is-layout-flex\"><\/div>\n<\/div>\n\n\n\n<div class=\"wp-block-buttons is-layout-flex wp-block-buttons-is-layout-flex\">\n<div class=\"wp-block-button\"><a class=\"wp-block-button__link has-background wp-element-button\" style=\"background-color:#284940\">1. Opstartsm\u00f8de<\/a><\/div>\n\n\n\n<div class=\"wp-block-button\"><a class=\"wp-block-button__link has-background wp-element-button\" style=\"background-color:#284940\">2. Kravspecifikation<\/a><\/div>\n\n\n\n<div class=\"wp-block-button\"><a class=\"wp-block-button__link has-background wp-element-button\" style=\"background-color:#284940\">3. Projektplanl\u00e6gning<\/a><\/div>\n\n\n\n<div class=\"wp-block-button\"><a class=\"wp-block-button__link has-background wp-element-button\" style=\"background-color:#284940\">4. Konceptafklaringsfase<\/a><\/div>\n<\/div>\n<\/div>\n<\/div>\n\n\n\n<div class=\"wp-block-buttons is-layout-flex wp-block-buttons-is-layout-flex\">\n<div class=\"wp-block-button\"><a class=\"wp-block-button__link has-background wp-element-button\" style=\"background-color:#284940\">5. Reviews med kunde<\/a><\/div>\n\n\n\n<div class=\"wp-block-button\"><a class=\"wp-block-button__link has-background wp-element-button\" style=\"background-color:#284940\">6. Overlevering af dokumentationspakke<\/a><\/div>\n\n\n\n<div class=\"wp-block-button\"><a class=\"wp-block-button__link has-background wp-element-button\" style=\"background-color:#284940\">7. Afsluttende m\u00f8de &amp; feedback<\/a><\/div>\n<\/div>\n\n\n\n<p><\/p>\n","protected":false},"excerpt":{"rendered":"<p>Hos Aagaard Engineering har vi fokus p\u00e5 at skabe tryghed og gennemsigtighed gennem hele processen. Vi v\u00e6gter fortrolighed og sikkerhed meget h\u00f8jt og er kompromisl\u00f8se, n\u00e5r det g\u00e6lder struktur, definerede processer og kvalitet. Derfor har vi hele tiden for \u00f8je at skabe forbedringer og holde virksomheden konkurrencedygtig. Foruden et grundigt opstartsm\u00f8de, hvor alle forventninger bliver [&hellip;]<\/p>\n","protected":false},"author":1,"featured_media":0,"parent":0,"menu_order":0,"comment_status":"closed","ping_status":"closed","template":"","meta":{"footnotes":""},"class_list":["post-309","page","type-page","status-publish","hentry"],"_links":{"self":[{"href":"https:\/\/aagaardengineering.com\/index.php\/wp-json\/wp\/v2\/pages\/309","targetHints":{"allow":["GET"]}}],"collection":[{"href":"https:\/\/aagaardengineering.com\/index.php\/wp-json\/wp\/v2\/pages"}],"about":[{"href":"https:\/\/aagaardengineering.com\/index.php\/wp-json\/wp\/v2\/types\/page"}],"author":[{"embeddable":true,"href":"https:\/\/aagaardengineering.com\/index.php\/wp-json\/wp\/v2\/users\/1"}],"replies":[{"embeddable":true,"href":"https:\/\/aagaardengineering.com\/index.php\/wp-json\/wp\/v2\/comments?post=309"}],"version-history":[{"count":8,"href":"https:\/\/aagaardengineering.com\/index.php\/wp-json\/wp\/v2\/pages\/309\/revisions"}],"predecessor-version":[{"id":319,"href":"https:\/\/aagaardengineering.com\/index.php\/wp-json\/wp\/v2\/pages\/309\/revisions\/319"}],"wp:attachment":[{"href":"https:\/\/aagaardengineering.com\/index.php\/wp-json\/wp\/v2\/media?parent=309"}],"curies":[{"name":"wp","href":"https:\/\/api.w.org\/{rel}","templated":true}]}}